{"id":558,"date":"2023-07-30T17:29:21","date_gmt":"2023-07-30T15:29:21","guid":{"rendered":"https:\/\/www.lebenshaus-heitersheim.de\/?page_id=558"},"modified":"2025-10-17T11:27:18","modified_gmt":"2025-10-17T09:27:18","slug":"stiftung-lebenshaus-heitersheim","status":"publish","type":"page","link":"https:\/\/www.lebenshaus-heitersheim.de\/","title":{"rendered":"\u00dcber uns"},"content":{"rendered":"\n<p>Die Stiftung Lebenshaus Heitersheim hat sich zum Ziel gesetzt, Angebote f\u00fcr hilfebed\u00fcrftige Personen zu machen und\/oder zu f\u00f6rdern, insbesondere durch die Bereitstellung von Wohnraum und\/oder durch die Unterst\u00fctzung und Begleitung der Hilfebed\u00fcrftigen im Rahmen einer familien\u00e4hnlichen Gemeinschaft nach dem Modell der \u201eLebenshaus-Idee\u201c von Willi Haller.<\/p>\n\n\n\n<p>Der Stifter, die \u201e\u00d6kumenisch-solidarische Gemeinschaft Lebenshaus e.V.\u201c, hat von 1997 bis 2022 im Malteserschloss in Heitersheim ein Lebenshaus betrieben, in dem mehr als 80 Menschen in seelischen und k\u00f6rperlichen Notlagen, die auf die Hilfe anderer angewiesen waren, Aufnahme fanden. Ziel des Projektes war es, den aufgenommenen Personen bei der Bew\u00e4ltigung von individuellen Lebenskrisen durch das Mitleben in einer familien\u00e4hnlichen Gemeinschaft Halt und Orientierung zu geben und ihre Resilienz f\u00fcr ein eigenst\u00e4ndiges Leben zu st\u00e4rken.<\/p>\n\n\n\n<p>Es ist der Wille des Stifters, Projekte, Initiativen und Einzelma\u00dfnahmen zu f\u00f6rdern und\/oder durchzuf\u00fchren, die im Sinne des Lebenshaus-Konzeptes Hilfsangebote f\u00fcr Menschen in seelischen, k\u00f6rperlichen und materiellen Notlagen, die auf die Hilfe anderer angewiesen sind, verwirklichen.<\/p>\n\n\n\n<p><\/p>\n\n\n\n<p>Die \u201eStiftung Lebenshaus Heitersheim\u201c wurde 2023 vom Verein \u201e\u00d6kumenisch-solidarische Gemeinschaft Lebenshaus e.V.\u201c gegr\u00fcndet. Aus verschiedenen Gr\u00fcnden \u2013 Verkauf des Malteserschlosses an die Stadt Heitersheim, personelle Probleme \u2013 wurde der Verein 2022\/2023 aufgel\u00f6st. Gleichzeitig wurde beschlossen, als Nachfolgeorganisation eine Stiftung zu gr\u00fcnden und das verbliebene Vereinsverm\u00f6gen an die Stiftung zu \u00fcbertragen.<\/p>\n\n\n\n<p>Die Stiftung wurde am 5. Mai 2023 vom Regierungspr\u00e4sidium Freiburg als rechtsf\u00e4hige Stiftung des b\u00fcrgerlichen Rechts anerkannt. Zweck der Stiftung ist die F\u00f6rderung oder Durchf\u00fchrung von Projekten, Initiativen und Einzelma\u00dfnahmen zugunsten von Personen, die infolge ihres k\u00f6rperlichen, geistigen oder seelischen Zustands auf die Hilfe anderer angewiesen sind oder die wirtschaftlich hilfebed\u00fcrftig sind. N\u00e4heres finden Sie in der <a href=\"https:\/\/www.lebenshaus-heitersheim.de\/wp-content\/uploads\/2023\/07\/Satzung-Endfassung-unterschrieben.pdf\" target=\"_blank\" rel=\"noreferrer noopener\">Stiftungssatzung<\/a>.<\/p>\n\n\n\n<p>Die Stiftung ist vom zust\u00e4ndigen Finanzamt als gemeinn\u00fctzig anerkannt. <\/p>\n\n\n\n<div class=\"wp-block-buttons is-layout-flex wp-block-buttons-is-layout-flex\">\n<div class=\"wp-block-button\"><a class=\"wp-block-button__link wp-element-button\">Antr\u00e4ge an die Stiftung richten Sie bitte an:<\/a><\/div>\n<\/div>\n\n\n\n<p><br>Stiftung Lebenshaus Heitersheim, <br>Herrn J\u00fcrgen Lieser<br>Hasenbuckweg 7a, 79299 Wittnau<br>mail@lebenshaus-heitersheim.de <\/p>\n\n\n\n<div class=\"wp-block-buttons is-layout-flex wp-block-buttons-is-layout-flex\">\n<div class=\"wp-block-button\"><a class=\"wp-block-button__link wp-element-button\">Wie Sie die Stiftung unterst\u00fctzen k\u00f6nnen:<\/a><\/div>\n<\/div>\n\n\n\n<p class=\"has-vivid-red-color has-text-color has-medium-font-size\"><br><strong>Durch Zustiftungen: <\/strong><\/p>\n\n\n\n<p>bitte kontaktieren Sie uns: <br>J\u00fcrgen Lieser, mail@lebenshaus-heitersheim.de oder Tel. 0171 5405517<\/p>\n\n\n\n<p class=\"has-vivid-red-color has-text-color has-medium-font-size\"><strong>Durch Spenden: <\/strong><\/p>\n\n\n\n<p>Bitte benutzen Sie daf\u00fcr unser Konto bei der GLS Bank: <\/p>\n\n\n\n<p>Stiftung Lebenshaus Heitersheim, <br>IBAN DE93 4306 0967 1311 9094 00,  BIC GENODEM1GLS <\/p>\n\n\n\n<p><\/p>\n","protected":false},"excerpt":{"rendered":"<p>Die Stiftung Lebenshaus Heitersheim hat sich zum Ziel gesetzt, Angebote f\u00fcr hilfebed\u00fcrftige Personen zu machen und\/oder zu f\u00f6rdern, insbesondere durch die Bereitstellung von Wohnraum und\/oder durch die Unterst\u00fctzung und Begleitung der Hilfebed\u00fcrftigen im Rahmen einer familien\u00e4hnlichen Gemeinschaft nach dem Modell der \u201eLebenshaus-Idee\u201c von Willi Haller. Der Stifter, die \u201e\u00d6kumenisch-solidarische Gemeinschaft Lebenshaus e.V.\u201c, hat von 1997 &hellip; <\/p>\n<p class=\"link-more\"><a href=\"https:\/\/www.lebenshaus-heitersheim.de\/\" class=\"more-link\"><span class=\"screen-reader-text\">\u201e\u00dcber uns\u201c<\/span> weiterlesen<\/a><\/p>\n","protected":false},"author":4,"featured_media":0,"parent":0,"menu_order":0,"comment_status":"closed","ping_status":"closed","template":"","meta":{"footnotes":""},"class_list":["post-558","page","type-page","status-publish","hentry"],"_links":{"self":[{"href":"https:\/\/www.lebenshaus-heitersheim.de\/index.php?rest_route=\/wp\/v2\/pages\/558","targetHints":{"allow":["GET"]}}],"collection":[{"href":"https:\/\/www.lebenshaus-heitersheim.de\/index.php?rest_route=\/wp\/v2\/pages"}],"about":[{"href":"https:\/\/www.lebenshaus-heitersheim.de\/index.php?rest_route=\/wp\/v2\/types\/page"}],"author":[{"embeddable":true,"href":"https:\/\/www.lebenshaus-heitersheim.de\/index.php?rest_route=\/wp\/v2\/users\/4"}],"replies":[{"embeddable":true,"href":"https:\/\/www.lebenshaus-heitersheim.de\/index.php?rest_route=%2Fwp%2Fv2%2Fcomments&post=558"}],"version-history":[{"count":17,"href":"https:\/\/www.lebenshaus-heitersheim.de\/index.php?rest_route=\/wp\/v2\/pages\/558\/revisions"}],"predecessor-version":[{"id":644,"href":"https:\/\/www.lebenshaus-heitersheim.de\/index.php?rest_route=\/wp\/v2\/pages\/558\/revisions\/644"}],"wp:attachment":[{"href":"https:\/\/www.lebenshaus-heitersheim.de\/index.php?rest_route=%2Fwp%2Fv2%2Fmedia&parent=558"}],"curies":[{"name":"wp","href":"https:\/\/api.w.org\/{rel}","templated":true}]}}