{"id":39,"date":"2018-08-08T13:57:58","date_gmt":"2018-08-08T11:57:58","guid":{"rendered":"http:\/\/wp.lebenshaus-heitersheim.de\/?page_id=39"},"modified":"2023-11-15T17:38:03","modified_gmt":"2023-11-15T15:38:03","slug":"verein","status":"publish","type":"page","link":"https:\/\/www.lebenshaus-heitersheim.de\/?page_id=39","title":{"rendered":"Verein Lebenshaus"},"content":{"rendered":"\n<h3 class=\"wp-block-heading\">Die Idee<\/h3>\n\n\n\n<p>Im Lebenshaus finden Menschen f\u00fcr eine begrenzte Zeit Aufnahme, die auf der Suche nach Unterst\u00fctzung sind, um in einer Krisen- oder Ver\u00e4nderungszeit nicht alleine zu sein. Sie k\u00f6nnen in einer familien\u00e4hnlichen Gemeinschaft in einem solidarischen, tragf\u00e4higen Rahmen mit leben und dadurch Halt finden und neue Perspektiven entwickeln.<\/p>\n\n\n\n<p>Unser Engagement im Verein und konkret im Haus wurzelt in unseren christlichen \u00dcberzeugungen und den Visionen des Evangeliums, aus denen wir leben. Diese Grundorientierung solidarischen, geschwisterlichen Lebens dr\u00fcckt sich in unaufdringlicher Weise in der Alltags- und Festkultur des Lebenshauses aus. Dabei sind weder die Mitarbeit noch das Mitwohnen im Haus an die formale Zugeh\u00f6rigkeit zu einer christlichen Kirche gebunden.<\/p>\n\n\n\n<h3 class=\"wp-block-heading\">Die Geschichte<\/h3>\n\n\n<div class=\"wp-block-image\">\n<figure class=\"alignleft size-large is-resized\"><img loading=\"lazy\" decoding=\"async\" width=\"644\" height=\"429\" src=\"https:\/\/www.lebenshaus-heitersheim.de\/wp-content\/uploads\/2018\/08\/DSC3305-e1535048758919-644x429.jpg\" alt=\"\" class=\"wp-image-74\" style=\"width:285px;height:190px\" srcset=\"https:\/\/www.lebenshaus-heitersheim.de\/wp-content\/uploads\/2018\/08\/DSC3305-e1535048758919-644x429.jpg 644w, https:\/\/www.lebenshaus-heitersheim.de\/wp-content\/uploads\/2018\/08\/DSC3305-e1535048758919-300x200.jpg 300w, https:\/\/www.lebenshaus-heitersheim.de\/wp-content\/uploads\/2018\/08\/DSC3305-e1535048758919-768x512.jpg 768w\" sizes=\"auto, (max-width: 644px) 100vw, 644px\" \/><\/figure>\n<\/div>\n\n\n<p>1992 gr\u00fcndete sich der Verein \u201e\u00f6kumenisch solidarische Gemeinschaft Lebenshaus e.V.\u201c mit dem Ziel ein Angebot zu schaffen, das es Menschen in Krisen- oder Ver\u00e4nderungszeiten erm\u00f6glicht, eine Zeitlang im Rahmen einer Gemeinschaft zu leben, die sie dabei unterst\u00fctzt sich zu stabilisieren und neue Perspektiven zu entwickeln.<\/p>\n\n\n\n<p>Die ersten Jahre nach der Gr\u00fcndung waren gepr\u00e4gt von der Suche nach einem geeigneten Haus und nach Finanzierungsm\u00f6glichkeiten. Im Malteserschloss in Heitersheim konnte ein entsprechendes Objekt gefunden werden und der Orden der Vinzentinerinnen war bereit, das Lebenshaus-Projekt unter seinem Dach zu beherbergen.<\/p>\n\n\n\n<p>Im Oktober 1995 konnte mit dem Bau und Umbau der ehemaligen landwirtschaftlichen Geb\u00e4ude im Malteserschloss begonnen werden. Unz\u00e4hlige ehrenamtliche Arbeitsstunden wurden geleistet, und nur so und mit vielen privaten Darlehen war es m\u00f6glich, die Kosten f\u00fcr das Bauvorhaben aufzubringen (rund 1,4 Mio. DM).<\/p>\n\n\n<div class=\"wp-block-image\">\n<figure class=\"alignright\"><img loading=\"lazy\" decoding=\"async\" width=\"300\" height=\"200\" src=\"http:\/\/www.lebenshaus-heitersheim.de\/wp-content\/uploads\/2018\/08\/DSC7730-300x200.jpg\" alt=\"\" class=\"wp-image-272\" srcset=\"https:\/\/www.lebenshaus-heitersheim.de\/wp-content\/uploads\/2018\/08\/DSC7730-300x200.jpg 300w, https:\/\/www.lebenshaus-heitersheim.de\/wp-content\/uploads\/2018\/08\/DSC7730-768x512.jpg 768w, https:\/\/www.lebenshaus-heitersheim.de\/wp-content\/uploads\/2018\/08\/DSC7730-644x429.jpg 644w\" sizes=\"auto, (max-width: 300px) 100vw, 300px\" \/><\/figure>\n<\/div>\n\n\n<p>Auf den Tag genau f\u00fcnf Jahre nach der Vereinsgr\u00fcndung, am 4. Oktober 1997, konnte der erste Mitbewohner einziehen. Drei Monate vorher hatten bereits die Kernfamilien \u2013 sechs Erwachsene und sechs Kinder \u2013 begonnen, das Haus mit Leben zu erf\u00fcllen.<\/p>\n\n\n\n<p>Seitdem haben \u00fcber 90 Menschen in Krisensituationen f\u00fcr eine kurze oder l\u00e4ngere Zeit im Lebenshaus Aufnahme gefunden. Meist waren es zwischen zwei und sieben Personen, die als G\u00e4ste im Lebenshaus wohnten.<\/p>\n\n\n\n<h3 class=\"wp-block-heading\">Das Lebenshaus schlie\u00dft zum 31.12.2023<\/h3>\n\n\n\n<p>Aus unterschiedlichen Gr\u00fcnden m\u00fcssen wir zum Jahresende das Lebenshaus aufgeben und auch den Verein aufl\u00f6sen. Aus diesem Grund k\u00f6nnen wir auch keine Mitbewohner mehr aufnehmen.  <\/p>\n\n\n\n<p>Ein Dank geht an die vielen Helfer, Begleiter, Interessierte und Engagierte, die das Lebenshaus \u00fcber die vielen Jahre getragen und mit Leben erf\u00fcllt haben.<\/p>\n\n\n\n<p>Auf Beschluss der Mitglieder wurde als Nachfolgeorganisation die &#8222;Stiftung Lebenshaus Heitersheim&#8220; gegr\u00fcndet. Die Stiftung wurde im Mai 2023 vom Regierungspr\u00e4sidium Freiburg als rechtsf\u00e4hige Stiftung des b\u00fcrgerlichen Rechts anerkannt. Weitere Informationen zur Stiftung finden Sie unter dem Men\u00fcpunkt &#8222;Stiftung Lebenshaus&#8220;.<\/p>\n\n\n\n<p><\/p>\n\n\n\n<h2 class=\"wp-block-heading\">Kontakt Verein<\/h2>\n\n\n\n<p>kumenisch-solidarische Gemeinschaft Lebenshaus e.V.<br>Hasenbuckweg 7a<br>79299 Wittnau<\/p>\n\n\n\n<p>mail: mail@lebenshaus-heitersheim.de<br>fon: +49 761 66521<\/p>\n\n\n\n<h3 class=\"wp-block-heading\">Vorstand<\/h3>\n\n\n\n<p>J\u00fcrgen Lieser, 1. Vorsitzender<br>Ursel Strick, 2. Vorsitzende<br>Bernhard Huber, Kassenverwalter<br>Achim Ruhnau, Schriftf\u00fchrer<br>Cristina Nicoletti, Beisitzerin<\/p>\n\n\n\n<h2 class=\"wp-block-heading\">Spendenkonto<\/h2>\n\n\n\n<p>Sparkasse Staufen-Breisach<br>IBAN: DE03 6805 2328 0009 4227 67<br>BIC: SOLADES1STF<\/p>\n","protected":false},"excerpt":{"rendered":"<p>Die Idee Im Lebenshaus finden Menschen f\u00fcr eine begrenzte Zeit Aufnahme, die auf der Suche nach Unterst\u00fctzung sind, um in einer Krisen- oder Ver\u00e4nderungszeit nicht alleine zu sein. Sie k\u00f6nnen in einer familien\u00e4hnlichen Gemeinschaft in einem solidarischen, tragf\u00e4higen Rahmen mit leben und dadurch Halt finden und neue Perspektiven entwickeln. Unser Engagement im Verein und konkret &hellip; <\/p>\n<p class=\"link-more\"><a href=\"https:\/\/www.lebenshaus-heitersheim.de\/?page_id=39\" class=\"more-link\"><span class=\"screen-reader-text\">\u201eVerein Lebenshaus\u201c<\/span> weiterlesen<\/a><\/p>\n","protected":false},"author":1,"featured_media":0,"parent":0,"menu_order":0,"comment_status":"closed","ping_status":"closed","template":"","meta":{"footnotes":""},"class_list":["post-39","page","type-page","status-publish","hentry"],"_links":{"self":[{"href":"https:\/\/www.lebenshaus-heitersheim.de\/index.php?rest_route=\/wp\/v2\/pages\/39","targetHints":{"allow":["GET"]}}],"collection":[{"href":"https:\/\/www.lebenshaus-heitersheim.de\/index.php?rest_route=\/wp\/v2\/pages"}],"about":[{"href":"https:\/\/www.lebenshaus-heitersheim.de\/index.php?rest_route=\/wp\/v2\/types\/page"}],"author":[{"embeddable":true,"href":"https:\/\/www.lebenshaus-heitersheim.de\/index.php?rest_route=\/wp\/v2\/users\/1"}],"replies":[{"embeddable":true,"href":"https:\/\/www.lebenshaus-heitersheim.de\/index.php?rest_route=%2Fwp%2Fv2%2Fcomments&post=39"}],"version-history":[{"count":31,"href":"https:\/\/www.lebenshaus-heitersheim.de\/index.php?rest_route=\/wp\/v2\/pages\/39\/revisions"}],"predecessor-version":[{"id":630,"href":"https:\/\/www.lebenshaus-heitersheim.de\/index.php?rest_route=\/wp\/v2\/pages\/39\/revisions\/630"}],"wp:attachment":[{"href":"https:\/\/www.lebenshaus-heitersheim.de\/index.php?rest_route=%2Fwp%2Fv2%2Fmedia&parent=39"}],"curies":[{"name":"wp","href":"https:\/\/api.w.org\/{rel}","templated":true}]}}